{"id":6999,"date":"2024-07-24T09:00:43","date_gmt":"2024-07-24T07:00:43","guid":{"rendered":"https:\/\/brelevenez.h-wd.fr\/?page_id=6999"},"modified":"2025-02-20T20:30:32","modified_gmt":"2025-02-20T19:30:32","slug":"reservation-lannion","status":"publish","type":"page","link":"https:\/\/www.le7brelevenez.com\/en\/booking-lannion\/","title":{"rendered":"Reservation"},"content":{"rendered":"<div data-elementor-type=\"wp-page\" data-elementor-id=\"6999\" class=\"elementor elementor-6999\" data-elementor-post-type=\"page\">\n\t\t\t\t\t\t<section class=\"elementor-section elementor-top-section elementor-element elementor-element-397be72a elementor-section-height-min-height elementor-section-boxed elementor-section-height-default elementor-section-items-middle\" data-id=\"397be72a\" data-element_type=\"section\" data-settings=\"{&quot;background_background&quot;:&quot;classic&quot;,&quot;shape_divider_bottom&quot;:&quot;split&quot;}\">\n\t\t\t\t\t\t\t<div class=\"elementor-background-overlay\"><\/div>\n\t\t\t\t\t\t<div class=\"elementor-shape elementor-shape-bottom\" data-negative=\"false\">\n\t\t\t<svg xmlns=\"http:\/\/www.w3.org\/2000\/svg\" viewbox=\"0 0 1000 20\" preserveaspectratio=\"none\">\n\t<path class=\"elementor-shape-fill\" d=\"M0,0v3c0,0,393.8,0,483.4,0c9.2,0,16.6,7.4,16.6,16.6c0-9.1,7.4-16.6,16.6-16.6C606.2,3,1000,3,1000,3V0H0z\"\/>\n<\/svg>\t\t<\/div>\n\t\t\t\t\t<div class=\"elementor-container elementor-column-gap-default\">\n\t\t\t\t\t<div class=\"elementor-column elementor-col-100 elementor-top-column elementor-element elementor-element-6504973e\" data-id=\"6504973e\" data-element_type=\"column\" data-settings=\"{&quot;hoteller_ext_link_sidemenu&quot;:&quot;false&quot;,&quot;hoteller_ext_link_fullmenu&quot;:&quot;false&quot;,&quot;hoteller_ext_link_closed_fullmenu&quot;:&quot;false&quot;,&quot;hoteller_ext_is_scrollme&quot;:&quot;false&quot;,&quot;hoteller_ext_is_smoove&quot;:&quot;false&quot;,&quot;hoteller_ext_is_parallax_mouse&quot;:&quot;false&quot;,&quot;hoteller_ext_is_infinite&quot;:&quot;false&quot;,&quot;hoteller_ext_is_fadeout_animation&quot;:&quot;false&quot;,&quot;hoteller_ext_mobile_static&quot;:&quot;false&quot;}\">\n\t\t\t<div class=\"elementor-widget-wrap elementor-element-populated\">\n\t\t\t\t\t\t<div class=\"elementor-element elementor-element-6c24a03f elementor-widget__width-inherit elementor-widget elementor-widget-hoteller-animated-text\" data-id=\"6c24a03f\" data-element_type=\"widget\" data-settings=\"{&quot;hoteller_ext_link_sidemenu&quot;:&quot;false&quot;,&quot;hoteller_ext_link_fullmenu&quot;:&quot;false&quot;,&quot;hoteller_ext_link_closed_fullmenu&quot;:&quot;false&quot;,&quot;hoteller_ext_is_scrollme&quot;:&quot;false&quot;,&quot;hoteller_ext_is_smoove&quot;:&quot;false&quot;,&quot;hoteller_ext_is_parallax_mouse&quot;:&quot;false&quot;,&quot;hoteller_ext_is_infinite&quot;:&quot;false&quot;,&quot;hoteller_ext_is_fadeout_animation&quot;:&quot;false&quot;,&quot;hoteller_ext_mobile_static&quot;:&quot;false&quot;}\" data-widget_type=\"hoteller-animated-text.default\">\n\t\t\t\t<div class=\"elementor-widget-container\">\n\t\t\t<div class=\"themegoods-animated-text text-alignment-center transition-right overflow-visible\" data-delimiter=\"sentence\" data-transition=\"50\" data-transition-delay=\"0\" data-transition-duration=\"800\">\n\t\t<h1>\n\t\tReservation\t<\/h1>\n\t<\/div>\t\t<\/div>\n\t\t\t\t<\/div>\n\t\t\t\t\t<\/div>\n\t\t<\/div>\n\t\t\t\t\t<\/div>\n\t\t<\/section>\n\t\t\t\t<section class=\"elementor-section elementor-top-section elementor-element elementor-element-8fcbf15 elementor-section-stretched elementor-section-boxed elementor-section-height-default elementor-section-height-default\" data-id=\"8fcbf15\" data-element_type=\"section\" data-settings=\"{&quot;stretch_section&quot;:&quot;section-stretched&quot;,&quot;background_background&quot;:&quot;classic&quot;,&quot;hoteller_ext_is_background_parallax&quot;:&quot;false&quot;,&quot;hoteller_ext_is_background_on_scroll&quot;:&quot;false&quot;}\">\n\t\t\t\t\t\t\t<div class=\"elementor-background-overlay\"><\/div>\n\t\t\t\t\t\t\t<div class=\"elementor-container elementor-column-gap-default\">\n\t\t\t\t\t<div class=\"elementor-column elementor-col-100 elementor-top-column elementor-element elementor-element-83216e3\" data-id=\"83216e3\" data-element_type=\"column\" data-settings=\"{&quot;hoteller_ext_link_sidemenu&quot;:&quot;false&quot;,&quot;hoteller_ext_link_fullmenu&quot;:&quot;false&quot;,&quot;hoteller_ext_link_closed_fullmenu&quot;:&quot;false&quot;,&quot;hoteller_ext_is_scrollme&quot;:&quot;false&quot;,&quot;hoteller_ext_is_smoove&quot;:&quot;false&quot;,&quot;hoteller_ext_is_parallax_mouse&quot;:&quot;false&quot;,&quot;hoteller_ext_is_infinite&quot;:&quot;false&quot;,&quot;hoteller_ext_is_fadeout_animation&quot;:&quot;false&quot;,&quot;hoteller_ext_mobile_static&quot;:&quot;false&quot;}\">\n\t\t\t<div class=\"elementor-widget-wrap elementor-element-populated\">\n\t\t\t\t\t\t<div class=\"elementor-element elementor-element-60c3dbf elementor-widget elementor-widget-shortcode\" data-id=\"60c3dbf\" data-element_type=\"widget\" data-settings=\"{&quot;hoteller_ext_link_sidemenu&quot;:&quot;false&quot;,&quot;hoteller_ext_link_fullmenu&quot;:&quot;false&quot;,&quot;hoteller_ext_link_closed_fullmenu&quot;:&quot;false&quot;,&quot;hoteller_ext_is_scrollme&quot;:&quot;false&quot;,&quot;hoteller_ext_is_smoove&quot;:&quot;false&quot;,&quot;hoteller_ext_is_parallax_mouse&quot;:&quot;false&quot;,&quot;hoteller_ext_is_infinite&quot;:&quot;false&quot;,&quot;hoteller_ext_is_fadeout_animation&quot;:&quot;false&quot;,&quot;hoteller_ext_mobile_static&quot;:&quot;false&quot;}\" data-widget_type=\"shortcode.default\">\n\t\t\t\t<div class=\"elementor-widget-container\">\n\t\t\t\t\t<div class=\"elementor-shortcode\"><\/div>\n\t\t\t\t<\/div>\n\t\t\t\t<\/div>\n\t\t\t\t\t<\/div>\n\t\t<\/div>\n\t\t\t\t\t<\/div>\n\t\t<\/section>\n\t\t\t\t<\/div>","protected":false},"excerpt":{"rendered":"<p>Reservation<\/p>","protected":false},"author":1,"featured_media":6890,"parent":0,"menu_order":0,"comment_status":"closed","ping_status":"closed","template":"elementor_header_footer","meta":{"footnotes":""},"class_list":["post-6999","page","type-page","status-publish","has-post-thumbnail","hentry"],"yoast_head":"<!-- This site is optimized with the Yoast SEO plugin v23.3 - https:\/\/yoast.com\/wordpress\/plugins\/seo\/ -->\n<title>R\u00e9servation | Le 7 Br\u00e9l\u00e9venez | Locations \u00e0 Lannion<\/title>\n<meta name=\"description\" content=\"R\u00e9servation Lannion Meilleur tarif location saisonni\u00e8re maison de vacances en location meilleur tarif en direct\" \/>\n<meta name=\"robots\" content=\"index, follow, max-snippet:-1, max-image-preview:large, max-video-preview:-1\" \/>\n<link rel=\"canonical\" href=\"https:\/\/www.le7brelevenez.com\/en\/booking-lannion\/\" \/>\n<meta property=\"og:locale\" content=\"en_GB\" \/>\n<meta property=\"og:type\" content=\"article\" \/>\n<meta property=\"og:title\" content=\"R\u00e9servation | Le 7 Br\u00e9l\u00e9venez | Locations \u00e0 Lannion\" \/>\n<meta property=\"og:description\" content=\"R\u00e9servation Lannion Meilleur tarif location saisonni\u00e8re maison de vacances en location meilleur tarif en direct\" \/>\n<meta property=\"og:url\" content=\"https:\/\/www.le7brelevenez.com\/en\/booking-lannion\/\" \/>\n<meta property=\"og:site_name\" content=\"Le 7 Br\u00e9l\u00e9venez | Locations \u00e0 Lannion\" \/>\n<meta property=\"article:modified_time\" content=\"2025-02-20T19:30:32+00:00\" \/>\n<meta property=\"og:image\" content=\"https:\/\/www.le7brelevenez.com\/wp-content\/uploads\/2021\/08\/4-0-brelevenez-location-appartement-a-lannion-rect.jpg\" \/>\n\t<meta property=\"og:image:width\" content=\"2500\" \/>\n\t<meta property=\"og:image:height\" content=\"1875\" \/>\n\t<meta property=\"og:image:type\" content=\"image\/jpeg\" \/>\n<meta name=\"twitter:card\" content=\"summary_large_image\" \/>\n<meta name=\"twitter:label1\" content=\"Estimated reading time\" \/>\n\t<meta name=\"twitter:data1\" content=\"1 minute\" \/>\n<script type=\"application\/ld+json\" class=\"yoast-schema-graph\">{\"@context\":\"https:\/\/schema.org\",\"@graph\":[{\"@type\":\"WebPage\",\"@id\":\"https:\/\/www.le7brelevenez.com\/reservation-lannion\/\",\"url\":\"https:\/\/www.le7brelevenez.com\/reservation-lannion\/\",\"name\":\"R\u00e9servation | Le 7 Br\u00e9l\u00e9venez | Locations \u00e0 Lannion\",\"isPartOf\":{\"@id\":\"https:\/\/www.le7brelevenez.com\/#website\"},\"primaryImageOfPage\":{\"@id\":\"https:\/\/www.le7brelevenez.com\/reservation-lannion\/#primaryimage\"},\"image\":{\"@id\":\"https:\/\/www.le7brelevenez.com\/reservation-lannion\/#primaryimage\"},\"thumbnailUrl\":\"https:\/\/www.le7brelevenez.com\/wp-content\/uploads\/2021\/08\/4-0-brelevenez-location-appartement-a-lannion-rect.jpg\",\"datePublished\":\"2024-07-24T07:00:43+00:00\",\"dateModified\":\"2025-02-20T19:30:32+00:00\",\"description\":\"R\u00e9servation Lannion Meilleur tarif location saisonni\u00e8re maison de vacances en location meilleur tarif en direct\",\"breadcrumb\":{\"@id\":\"https:\/\/www.le7brelevenez.com\/reservation-lannion\/#breadcrumb\"},\"inLanguage\":\"en-GB\",\"potentialAction\":[{\"@type\":\"ReadAction\",\"target\":[\"https:\/\/www.le7brelevenez.com\/reservation-lannion\/\"]}]},{\"@type\":\"ImageObject\",\"inLanguage\":\"en-GB\",\"@id\":\"https:\/\/www.le7brelevenez.com\/reservation-lannion\/#primaryimage\",\"url\":\"https:\/\/www.le7brelevenez.com\/wp-content\/uploads\/2021\/08\/4-0-brelevenez-location-appartement-a-lannion-rect.jpg\",\"contentUrl\":\"https:\/\/www.le7brelevenez.com\/wp-content\/uploads\/2021\/08\/4-0-brelevenez-location-appartement-a-lannion-rect.jpg\",\"width\":2500,\"height\":1875,\"caption\":\"4 0 brelevenez location appartement a lannion rect\"},{\"@type\":\"BreadcrumbList\",\"@id\":\"https:\/\/www.le7brelevenez.com\/reservation-lannion\/#breadcrumb\",\"itemListElement\":[{\"@type\":\"ListItem\",\"position\":1,\"name\":\"Accueil\",\"item\":\"https:\/\/www.le7brelevenez.com\/\"},{\"@type\":\"ListItem\",\"position\":2,\"name\":\"R\u00e9servation\"}]},{\"@type\":\"WebSite\",\"@id\":\"https:\/\/www.le7brelevenez.com\/#website\",\"url\":\"https:\/\/www.le7brelevenez.com\/\",\"name\":\"Le 7 Br\u00e9l\u00e9venez | Locations \u00e0 Lannion\",\"description\":\"Locations \u00e0 Lannion\",\"publisher\":{\"@id\":\"https:\/\/www.le7brelevenez.com\/#organization\"},\"potentialAction\":[{\"@type\":\"SearchAction\",\"target\":{\"@type\":\"EntryPoint\",\"urlTemplate\":\"https:\/\/www.le7brelevenez.com\/?s={search_term_string}\"},\"query-input\":\"required name=search_term_string\"}],\"inLanguage\":\"en-GB\"},{\"@type\":\"Organization\",\"@id\":\"https:\/\/www.le7brelevenez.com\/#organization\",\"name\":\"Le 7 Br\u00e9l\u00e9venez | Locations \u00e0 Lannion\",\"url\":\"https:\/\/www.le7brelevenez.com\/\",\"logo\":{\"@type\":\"ImageObject\",\"inLanguage\":\"en-GB\",\"@id\":\"https:\/\/www.le7brelevenez.com\/#\/schema\/logo\/image\/\",\"url\":\"https:\/\/www.le7brelevenez.com\/wp-content\/uploads\/2021\/08\/cropped-08dbc16d-c975-436a-92e0-fbdae8e864c7.png\",\"contentUrl\":\"https:\/\/www.le7brelevenez.com\/wp-content\/uploads\/2021\/08\/cropped-08dbc16d-c975-436a-92e0-fbdae8e864c7.png\",\"width\":512,\"height\":512,\"caption\":\"Le 7 Br\u00e9l\u00e9venez | Locations \u00e0 Lannion\"},\"image\":{\"@id\":\"https:\/\/www.le7brelevenez.com\/#\/schema\/logo\/image\/\"}}]}<\/script>\n<!-- \/ Yoast SEO plugin. -->","yoast_head_json":{"title":"R\u00e9servation | Le 7 Br\u00e9l\u00e9venez | Locations \u00e0 Lannion","description":"R\u00e9servation Lannion Meilleur tarif location saisonni\u00e8re maison de vacances en location meilleur tarif en direct","robots":{"index":"index","follow":"follow","max-snippet":"max-snippet:-1","max-image-preview":"max-image-preview:large","max-video-preview":"max-video-preview:-1"},"canonical":"https:\/\/www.le7brelevenez.com\/en\/booking-lannion\/","og_locale":"en_GB","og_type":"article","og_title":"R\u00e9servation | Le 7 Br\u00e9l\u00e9venez | Locations \u00e0 Lannion","og_description":"R\u00e9servation Lannion Meilleur tarif location saisonni\u00e8re maison de vacances en location meilleur tarif en direct","og_url":"https:\/\/www.le7brelevenez.com\/en\/booking-lannion\/","og_site_name":"Le 7 Br\u00e9l\u00e9venez | Locations \u00e0 Lannion","article_modified_time":"2025-02-20T19:30:32+00:00","og_image":[{"width":2500,"height":1875,"url":"https:\/\/www.le7brelevenez.com\/wp-content\/uploads\/2021\/08\/4-0-brelevenez-location-appartement-a-lannion-rect.jpg","type":"image\/jpeg"}],"twitter_card":"summary_large_image","twitter_misc":{"Estimated reading time":"1 minute"},"schema":{"@context":"https:\/\/schema.org","@graph":[{"@type":"WebPage","@id":"https:\/\/www.le7brelevenez.com\/reservation-lannion\/","url":"https:\/\/www.le7brelevenez.com\/reservation-lannion\/","name":"R\u00e9servation | Le 7 Br\u00e9l\u00e9venez | Locations \u00e0 Lannion","isPartOf":{"@id":"https:\/\/www.le7brelevenez.com\/#website"},"primaryImageOfPage":{"@id":"https:\/\/www.le7brelevenez.com\/reservation-lannion\/#primaryimage"},"image":{"@id":"https:\/\/www.le7brelevenez.com\/reservation-lannion\/#primaryimage"},"thumbnailUrl":"https:\/\/www.le7brelevenez.com\/wp-content\/uploads\/2021\/08\/4-0-brelevenez-location-appartement-a-lannion-rect.jpg","datePublished":"2024-07-24T07:00:43+00:00","dateModified":"2025-02-20T19:30:32+00:00","description":"R\u00e9servation Lannion Meilleur tarif location saisonni\u00e8re maison de vacances en location meilleur tarif en direct","breadcrumb":{"@id":"https:\/\/www.le7brelevenez.com\/reservation-lannion\/#breadcrumb"},"inLanguage":"en-GB","potentialAction":[{"@type":"ReadAction","target":["https:\/\/www.le7brelevenez.com\/reservation-lannion\/"]}]},{"@type":"ImageObject","inLanguage":"en-GB","@id":"https:\/\/www.le7brelevenez.com\/reservation-lannion\/#primaryimage","url":"https:\/\/www.le7brelevenez.com\/wp-content\/uploads\/2021\/08\/4-0-brelevenez-location-appartement-a-lannion-rect.jpg","contentUrl":"https:\/\/www.le7brelevenez.com\/wp-content\/uploads\/2021\/08\/4-0-brelevenez-location-appartement-a-lannion-rect.jpg","width":2500,"height":1875,"caption":"4 0 brelevenez location appartement a lannion rect"},{"@type":"BreadcrumbList","@id":"https:\/\/www.le7brelevenez.com\/reservation-lannion\/#breadcrumb","itemListElement":[{"@type":"ListItem","position":1,"name":"Accueil","item":"https:\/\/www.le7brelevenez.com\/"},{"@type":"ListItem","position":2,"name":"R\u00e9servation"}]},{"@type":"WebSite","@id":"https:\/\/www.le7brelevenez.com\/#website","url":"https:\/\/www.le7brelevenez.com\/","name":"Le 7 Br\u00e9l\u00e9venez | Locations \u00e0 Lannion","description":"Locations \u00e0 Lannion","publisher":{"@id":"https:\/\/www.le7brelevenez.com\/#organization"},"potentialAction":[{"@type":"SearchAction","target":{"@type":"EntryPoint","urlTemplate":"https:\/\/www.le7brelevenez.com\/?s={search_term_string}"},"query-input":"required name=search_term_string"}],"inLanguage":"en-GB"},{"@type":"Organization","@id":"https:\/\/www.le7brelevenez.com\/#organization","name":"Le 7 Br\u00e9l\u00e9venez | Locations \u00e0 Lannion","url":"https:\/\/www.le7brelevenez.com\/","logo":{"@type":"ImageObject","inLanguage":"en-GB","@id":"https:\/\/www.le7brelevenez.com\/#\/schema\/logo\/image\/","url":"https:\/\/www.le7brelevenez.com\/wp-content\/uploads\/2021\/08\/cropped-08dbc16d-c975-436a-92e0-fbdae8e864c7.png","contentUrl":"https:\/\/www.le7brelevenez.com\/wp-content\/uploads\/2021\/08\/cropped-08dbc16d-c975-436a-92e0-fbdae8e864c7.png","width":512,"height":512,"caption":"Le 7 Br\u00e9l\u00e9venez | Locations \u00e0 Lannion"},"image":{"@id":"https:\/\/www.le7brelevenez.com\/#\/schema\/logo\/image\/"}}]}},"_links":{"self":[{"href":"https:\/\/www.le7brelevenez.com\/en\/wp-json\/wp\/v2\/pages\/6999","targetHints":{"allow":["GET"]}}],"collection":[{"href":"https:\/\/www.le7brelevenez.com\/en\/wp-json\/wp\/v2\/pages"}],"about":[{"href":"https:\/\/www.le7brelevenez.com\/en\/wp-json\/wp\/v2\/types\/page"}],"author":[{"embeddable":true,"href":"https:\/\/www.le7brelevenez.com\/en\/wp-json\/wp\/v2\/users\/1"}],"replies":[{"embeddable":true,"href":"https:\/\/www.le7brelevenez.com\/en\/wp-json\/wp\/v2\/comments?post=6999"}],"version-history":[{"count":10,"href":"https:\/\/www.le7brelevenez.com\/en\/wp-json\/wp\/v2\/pages\/6999\/revisions"}],"predecessor-version":[{"id":8381,"href":"https:\/\/www.le7brelevenez.com\/en\/wp-json\/wp\/v2\/pages\/6999\/revisions\/8381"}],"wp:featuredmedia":[{"embeddable":true,"href":"https:\/\/www.le7brelevenez.com\/en\/wp-json\/wp\/v2\/media\/6890"}],"wp:attachment":[{"href":"https:\/\/www.le7brelevenez.com\/en\/wp-json\/wp\/v2\/media?parent=6999"}],"curies":[{"name":"wp","href":"https:\/\/api.w.org\/{rel}","templated":true}]}}